{"id":221,"date":"2013-03-25T13:11:41","date_gmt":"2013-03-25T11:11:41","guid":{"rendered":"http:\/\/nextform.sk\/?page_id=221"},"modified":"2016-02-23T11:20:24","modified_gmt":"2016-02-23T09:20:24","slug":"co-je-pressure-seal","status":"publish","type":"page","link":"https:\/\/nextform.sk\/?page_id=221","title":{"rendered":"\u010co je pressure seal?"},"content":{"rendered":"<p><em>Pressure seal je rie\u0161enie pre bezob\u00e1lkov\u00fa kore\u0161pondenciu, ktor\u00e1 pon\u00faka modern\u00fd vysoko efekt\u00edvny sp\u00f4sob pri spracovan\u00ed a distrib\u00facii dokumentov (napr. v\u00fdplatn\u00e1 p\u00e1ska, da\u0148ov\u00e9 rozhodnutie, v\u00fdzva at\u010f.)<\/em><\/p>\n<p><strong>tzv. bezob\u00e1lkov\u00e1 kore\u0161pondencia<\/strong><br \/>\n<em>predstavuje nov\u00fa mo\u017enos\u0165 vysokej \u00faspory n\u00e1kladov v kancel\u00e1rskom prostred\u00ed a je jednou z najlep\u0161\u00edch invest\u00edcii, ktor\u00fa spolo\u010dnos\u0165 m\u00f4\u017ee urobi\u0165 pre zv\u00fd\u0161enie kvality spracovania, zabezpe\u010denia a distrib\u00facie jednostr\u00e1nkov\u00fdch dokumentov. Pom\u00e1ha zv\u00fd\u0161i\u0165 kvalitu slu\u017eieb, zn\u00ed\u017ei\u0165 mo\u017enos\u0165 ch\u00fdb, po\u010det potrebn\u00fdch pracovn\u00edkov, zabezpe\u010di\u0165 tla\u010den\u00e9 d\u00e1ta pred zneu\u017eit\u00edm.<\/em><\/p>\n<p><strong>Popis technol\u00f3gie<\/strong><br \/>\n<em>Jedn\u00e1 sa o proces, kde sa na dopredu pripravenom dokumente (formul\u00e1r opatren\u00fd na vhodn\u00fdch miestach \u0161peci\u00e1lnym tlakov\u00fdm lepidlom) z informa\u010dn\u00e9ho syst\u00e9mu na laserov\u00e9 tla\u010diarni vytla\u010dia potrebn\u00e9 \u00fadaje vr\u00e1tane adresy a n\u00e1sledne sa (off-line nebo on-line) v jednom zariaden\u00ed dokument zlo\u017e\u00ed a zlep\u00ed do tvaru ob\u00e1lky.<\/em><\/p>\n<p><strong>Ob\u00e1lkovacie\u00a0zariadenie <\/strong><br \/>\n<em>Toto zariadenie najprv dokument zlo\u017e\u00ed do po\u017eadovan\u00e9ho tvaru. N\u00e1sledne tlakov\u00fdmi valcami aktivuje tlakov\u00e9 lepidlo nanesen\u00e9 na okrajoch dokumentu a cel\u00fd formul\u00e1r zalisuje tlakov\u00fdmi valcami na bezpe\u010dn\u00fa ob\u00e1lku, ktor\u00e1 je pripraven\u00e1 k odoslaniu. Pod\u013ea nastavenia\u00a0ob\u00e1lkovacieho zariadenia a pod\u013ea druhu formul\u00e1ra je mo\u017ene vyu\u017e\u00edva\u0165 viacero sp\u00f4sobov skladania formul\u00e1ra do tvaru v\u00fdslednej ob\u00e1lky.<\/em><\/p>\n<p><a href=\"http:\/\/nextform.sk\/wp-content\/uploads\/2016\/02\/sklady.png\" rel=\"attachment wp-att-707\"><img loading=\"lazy\" class=\"aligncenter size-full wp-image-707\" src=\"http:\/\/nextform.sk\/wp-content\/uploads\/2016\/02\/sklady.png\" alt=\"sklady\" width=\"382\" height=\"78\" srcset=\"https:\/\/nextform.sk\/wp-content\/uploads\/2016\/02\/sklady.png 382w, https:\/\/nextform.sk\/wp-content\/uploads\/2016\/02\/sklady-300x61.png 300w\" sizes=\"(max-width: 382px) 100vw, 382px\" \/><\/a><\/p>\n<p><strong>V\u00fdhody tohto rie\u0161enia<\/strong><br \/>\n<em>\u2022 \u00faplne odpad\u00e1 n\u00e1ro\u010dn\u00e9 vkladanie do ob\u00e1lok<\/em><br \/>\n<em> \u2022 \u00faspora v n\u00e1kupe po\u0161tov\u00fdch ob\u00e1lok \u2013 n\u00e1kup ob\u00e1lok nie je potrebn\u00fd<\/em><br \/>\n<em> \u2022 \u00faspora \u010dasu &#8211; pr\u00edprava dokumentu sa v\u00fdrazne zr\u00fdchli<\/em><br \/>\n<em> \u2022 minimaliz\u00e1cia omylov &#8211; prakticky nem\u00f4\u017ee d\u00f4js\u0165 k zaslaniu \u00fadajov in\u00e9mu adres\u00e1tovi<\/em><br \/>\n<em> \u2022 ochrana pred zneu\u017eit\u00edm citliv\u00fdch inform\u00e1cii &#8211; pomerne \u013eahko technicky zaisti\u0165 kvalitn\u00fa ochranu tla\u010den\u00fdch \u00fadajov<\/em><\/p>\n<p><strong>Rie\u0161enie je pou\u017eite\u013en\u00e9 v\u0161ade tam, kde s\u00fa rozposielan\u00e9 inform\u00e1cie na jednom liste papiera konkr\u00e9tnemu adres\u00e1tovi.<\/strong><\/p>\n<p><em>Uk\u00e1\u017eka spracovania formul\u00e1rov pressure seal:<\/em><\/p>\n<div style=\"width: 300px;\" class=\"wp-video\"><!--[if lt IE 9]><script>document.createElement('video');<\/script><![endif]-->\n<video class=\"wp-video-shortcode\" id=\"video-221-1\" width=\"300\" height=\"1080\" preload=\"metadata\" controls=\"controls\"><source type=\"video\/mp4\" src=\"http:\/\/nextform.sk\/wp-content\/uploads\/2016\/02\/IMG_1835-1.mp4?_=1\" \/><a href=\"http:\/\/nextform.sk\/wp-content\/uploads\/2016\/02\/IMG_1835-1.mp4\">http:\/\/nextform.sk\/wp-content\/uploads\/2016\/02\/IMG_1835-1.mp4<\/a><\/video><\/div>\n","protected":false},"excerpt":{"rendered":"<p>Pressure seal je rie\u0161enie pre bezob\u00e1lkov\u00fa kore\u0161pondenciu, ktor\u00e1 pon\u00faka modern\u00fd vysoko efekt\u00edvny sp\u00f4sob pri spracovan\u00ed a distrib\u00facii dokumentov (napr. v\u00fdplatn\u00e1 p\u00e1ska, da\u0148ov\u00e9 rozhodnutie, v\u00fdzva at\u010f.) tzv. bezob\u00e1lkov\u00e1 kore\u0161pondencia predstavuje nov\u00fa mo\u017enos\u0165 vysokej \u00faspory n\u00e1kladov v kancel\u00e1rskom prostred\u00ed a je jednou z najlep\u0161\u00edch invest\u00edcii, ktor\u00fa spolo\u010dnos\u0165 m\u00f4\u017ee urobi\u0165 pre zv\u00fd\u0161enie kvality spracovania, zabezpe\u010denia a distrib\u00facie jednostr\u00e1nkov\u00fdch<\/p>\n","protected":false},"author":1,"featured_media":0,"parent":0,"menu_order":0,"comment_status":"closed","ping_status":"closed","template":"","meta":{"ngg_post_thumbnail":0},"_links":{"self":[{"href":"https:\/\/nextform.sk\/index.php?rest_route=\/wp\/v2\/pages\/221"}],"collection":[{"href":"https:\/\/nextform.sk\/index.php?rest_route=\/wp\/v2\/pages"}],"about":[{"href":"https:\/\/nextform.sk\/index.php?rest_route=\/wp\/v2\/types\/page"}],"author":[{"embeddable":true,"href":"https:\/\/nextform.sk\/index.php?rest_route=\/wp\/v2\/users\/1"}],"replies":[{"embeddable":true,"href":"https:\/\/nextform.sk\/index.php?rest_route=%2Fwp%2Fv2%2Fcomments&post=221"}],"version-history":[{"count":14,"href":"https:\/\/nextform.sk\/index.php?rest_route=\/wp\/v2\/pages\/221\/revisions"}],"predecessor-version":[{"id":708,"href":"https:\/\/nextform.sk\/index.php?rest_route=\/wp\/v2\/pages\/221\/revisions\/708"}],"wp:attachment":[{"href":"https:\/\/nextform.sk\/index.php?rest_route=%2Fwp%2Fv2%2Fmedia&parent=221"}],"curies":[{"name":"wp","href":"https:\/\/api.w.org\/{rel}","templated":true}]}}