{"id":763,"date":"2017-01-18T14:17:07","date_gmt":"2017-01-18T12:17:07","guid":{"rendered":"http:\/\/nextform.sk\/?page_id=763"},"modified":"2017-02-24T12:27:01","modified_gmt":"2017-02-24T10:27:01","slug":"e-os-karta","status":"publish","type":"page","link":"https:\/\/nextform.sk\/?page_id=763","title":{"rendered":"e-OS karta"},"content":{"rendered":"<p>Modul Osobn\u00fdch kariet zamestnancov, ktor\u00fd v\u00a0sebe zlu\u010duje v\u0161etky potrebn\u00e9 dokumenty pre odovzdanie,\u00a0prebratie a zverenie majetku organiz\u00e1cie zamestnancovi. Jednoduch\u00e1 a\u00a0preh\u013eadn\u00e1 spr\u00e1va osobn\u00fdch kariet zamestnancov, majetkov a evidencia\u00a0zamestnancov pod\u013ea organiza\u010dnej \u0161trukt\u00fary organiz\u00e1cie. Mo\u017enos\u0165 prid\u00e1vania u\u017e\u00edvate\u013eov. Modul je mo\u017en\u00e9 prepoji\u0165 so syst\u00e9mom e-MAJETOK.<\/p>\n<p><a href=\"http:\/\/nextform.sk\/wp-content\/uploads\/2017\/01\/e-OS-karta.png\"><img loading=\"lazy\" class=\"aligncenter size-large wp-image-765\" src=\"http:\/\/nextform.sk\/wp-content\/uploads\/2017\/01\/e-OS-karta-1024x551.png\" alt=\"\" width=\"630\" height=\"339\" srcset=\"https:\/\/nextform.sk\/wp-content\/uploads\/2017\/01\/e-OS-karta-1024x551.png 1024w, https:\/\/nextform.sk\/wp-content\/uploads\/2017\/01\/e-OS-karta-300x162.png 300w, https:\/\/nextform.sk\/wp-content\/uploads\/2017\/01\/e-OS-karta-768x414.png 768w, https:\/\/nextform.sk\/wp-content\/uploads\/2017\/01\/e-OS-karta.png 1920w\" sizes=\"(max-width: 630px) 100vw, 630px\" \/><\/a><\/p>\n","protected":false},"excerpt":{"rendered":"<p>Modul Osobn\u00fdch kariet zamestnancov, ktor\u00fd v\u00a0sebe zlu\u010duje v\u0161etky potrebn\u00e9 dokumenty pre odovzdanie,\u00a0prebratie a zverenie majetku organiz\u00e1cie zamestnancovi. Jednoduch\u00e1 a\u00a0preh\u013eadn\u00e1 spr\u00e1va osobn\u00fdch kariet zamestnancov, majetkov a evidencia\u00a0zamestnancov pod\u013ea organiza\u010dnej \u0161trukt\u00fary organiz\u00e1cie. Mo\u017enos\u0165 prid\u00e1vania u\u017e\u00edvate\u013eov. Modul je mo\u017en\u00e9 prepoji\u0165 so syst\u00e9mom e-MAJETOK.<\/p>\n","protected":false},"author":1,"featured_media":0,"parent":0,"menu_order":0,"comment_status":"closed","ping_status":"closed","template":"","meta":{"ngg_post_thumbnail":0},"_links":{"self":[{"href":"https:\/\/nextform.sk\/index.php?rest_route=\/wp\/v2\/pages\/763"}],"collection":[{"href":"https:\/\/nextform.sk\/index.php?rest_route=\/wp\/v2\/pages"}],"about":[{"href":"https:\/\/nextform.sk\/index.php?rest_route=\/wp\/v2\/types\/page"}],"author":[{"embeddable":true,"href":"https:\/\/nextform.sk\/index.php?rest_route=\/wp\/v2\/users\/1"}],"replies":[{"embeddable":true,"href":"https:\/\/nextform.sk\/index.php?rest_route=%2Fwp%2Fv2%2Fcomments&post=763"}],"version-history":[{"count":3,"href":"https:\/\/nextform.sk\/index.php?rest_route=\/wp\/v2\/pages\/763\/revisions"}],"predecessor-version":[{"id":782,"href":"https:\/\/nextform.sk\/index.php?rest_route=\/wp\/v2\/pages\/763\/revisions\/782"}],"wp:attachment":[{"href":"https:\/\/nextform.sk\/index.php?rest_route=%2Fwp%2Fv2%2Fmedia&parent=763"}],"curies":[{"name":"wp","href":"https:\/\/api.w.org\/{rel}","templated":true}]}}