{"id":8,"date":"2012-12-26T23:05:05","date_gmt":"2012-12-26T21:05:05","guid":{"rendered":"http:\/\/nextform.sk\/?page_id=8"},"modified":"2016-02-23T13:17:27","modified_gmt":"2016-02-23T11:17:27","slug":"produkty","status":"publish","type":"page","link":"https:\/\/nextform.sk\/?page_id=8","title":{"rendered":"Produkty"},"content":{"rendered":"<p><strong><a href=\"http:\/\/nextform.sk\/?page_id=589\">e-MAJETOK<\/a><\/strong><\/p>\n<p><a href=\"http:\/\/nextform.sk\/?page_id=592\"><strong>Samospr\u00e1va &#8211;\u00a0Da\u0148 z nehnute\u013enosti a komun\u00e1lny odpad<\/strong><\/a><\/p>\n<p><strong><a href=\"http:\/\/nextform.sk\/?page_id=595\">ScanFlash \u2013 skenovanie doru\u010denkov\u00fdch n\u00e1vratiek<\/a><\/strong><\/p>\n<p><strong><a href=\"http:\/\/nextform.sk\/?page_id=606\">V\u00fdplatn\u00e9 p\u00e1sky<\/a><\/strong><\/p>\n<p><strong><a href=\"http:\/\/nextform.sk\/?cat=5\">Ob\u00e1lkovacie zariadenia<\/a><\/strong><\/p>\n","protected":false},"excerpt":{"rendered":"<p>e-MAJETOK Samospr\u00e1va &#8211;\u00a0Da\u0148 z nehnute\u013enosti a komun\u00e1lny odpad ScanFlash \u2013 skenovanie doru\u010denkov\u00fdch n\u00e1vratiek V\u00fdplatn\u00e9 p\u00e1sky Ob\u00e1lkovacie zariadenia<\/p>\n","protected":false},"author":1,"featured_media":0,"parent":0,"menu_order":0,"comment_status":"closed","ping_status":"open","template":"","meta":{"ngg_post_thumbnail":0},"_links":{"self":[{"href":"https:\/\/nextform.sk\/index.php?rest_route=\/wp\/v2\/pages\/8"}],"collection":[{"href":"https:\/\/nextform.sk\/index.php?rest_route=\/wp\/v2\/pages"}],"about":[{"href":"https:\/\/nextform.sk\/index.php?rest_route=\/wp\/v2\/types\/page"}],"author":[{"embeddable":true,"href":"https:\/\/nextform.sk\/index.php?rest_route=\/wp\/v2\/users\/1"}],"replies":[{"embeddable":true,"href":"https:\/\/nextform.sk\/index.php?rest_route=%2Fwp%2Fv2%2Fcomments&post=8"}],"version-history":[{"count":8,"href":"https:\/\/nextform.sk\/index.php?rest_route=\/wp\/v2\/pages\/8\/revisions"}],"predecessor-version":[{"id":709,"href":"https:\/\/nextform.sk\/index.php?rest_route=\/wp\/v2\/pages\/8\/revisions\/709"}],"wp:attachment":[{"href":"https:\/\/nextform.sk\/index.php?rest_route=%2Fwp%2Fv2%2Fmedia&parent=8"}],"curies":[{"name":"wp","href":"https:\/\/api.w.org\/{rel}","templated":true}]}}