{"id":839,"date":"2021-11-05T10:01:58","date_gmt":"2021-11-05T09:01:58","guid":{"rendered":"https:\/\/nextform.sk\/?page_id=839"},"modified":"2021-11-05T10:04:47","modified_gmt":"2021-11-05T09:04:47","slug":"evidencne-systemy","status":"publish","type":"page","link":"https:\/\/nextform.sk\/?page_id=839","title":{"rendered":"Eviden\u010dn\u00e9 syst\u00e9my na mieru"},"content":{"rendered":"\n<p>Spolo\u010dnos\u0165 Next Form dlhodobo vyv\u00edja syst\u00e9my, ktor\u00e9 zabezpe\u010duj\u00fa rozsiahle evidencie v&nbsp;r\u00f4znych sf\u00e9rach podnikania. Preto dok\u00e1\u017eeme na z\u00e1klade \u0161pecifick\u00fdch po\u017eiadaviek z\u00e1kazn\u00edka pripravi\u0165 datab\u00e1zov\u00e9 eviden\u010dn\u00e9 rie\u0161enia na mieru, spolu so spracovan\u00edm a&nbsp;vyhodnocovan\u00edm evidovan\u00fdch \u00fadajov.<br>V kombin\u00e1cii s&nbsp;na\u0161imi existuj\u00facimi produktami vieme doda\u0165 komplexn\u00e9 eviden\u010dn\u00e9 rie\u0161enia.<\/p>\n\n\n\n<p><\/p>\n","protected":false},"excerpt":{"rendered":"<p>Spolo\u010dnos\u0165 Next Form dlhodobo vyv\u00edja syst\u00e9my, ktor\u00e9 zabezpe\u010duj\u00fa rozsiahle evidencie v&nbsp;r\u00f4znych sf\u00e9rach podnikania. Preto dok\u00e1\u017eeme na z\u00e1klade \u0161pecifick\u00fdch po\u017eiadaviek z\u00e1kazn\u00edka pripravi\u0165 datab\u00e1zov\u00e9 eviden\u010dn\u00e9 rie\u0161enia na mieru, spolu so spracovan\u00edm a&nbsp;vyhodnocovan\u00edm evidovan\u00fdch \u00fadajov.V kombin\u00e1cii s&nbsp;na\u0161imi existuj\u00facimi produktami vieme doda\u0165 komplexn\u00e9 eviden\u010dn\u00e9 rie\u0161enia.<\/p>\n","protected":false},"author":1,"featured_media":0,"parent":0,"menu_order":0,"comment_status":"closed","ping_status":"closed","template":"","meta":{"ngg_post_thumbnail":0},"_links":{"self":[{"href":"https:\/\/nextform.sk\/index.php?rest_route=\/wp\/v2\/pages\/839"}],"collection":[{"href":"https:\/\/nextform.sk\/index.php?rest_route=\/wp\/v2\/pages"}],"about":[{"href":"https:\/\/nextform.sk\/index.php?rest_route=\/wp\/v2\/types\/page"}],"author":[{"embeddable":true,"href":"https:\/\/nextform.sk\/index.php?rest_route=\/wp\/v2\/users\/1"}],"replies":[{"embeddable":true,"href":"https:\/\/nextform.sk\/index.php?rest_route=%2Fwp%2Fv2%2Fcomments&post=839"}],"version-history":[{"count":2,"href":"https:\/\/nextform.sk\/index.php?rest_route=\/wp\/v2\/pages\/839\/revisions"}],"predecessor-version":[{"id":842,"href":"https:\/\/nextform.sk\/index.php?rest_route=\/wp\/v2\/pages\/839\/revisions\/842"}],"wp:attachment":[{"href":"https:\/\/nextform.sk\/index.php?rest_route=%2Fwp%2Fv2%2Fmedia&parent=839"}],"curies":[{"name":"wp","href":"https:\/\/api.w.org\/{rel}","templated":true}]}}